{"id":832,"date":"2021-10-20T13:07:21","date_gmt":"2021-10-20T13:07:21","guid":{"rendered":"https:\/\/www.idest.pro\/home\/"},"modified":"2023-09-07T12:28:09","modified_gmt":"2023-09-07T12:28:09","slug":"home","status":"publish","type":"page","link":"https:\/\/www.idest.pro\/fr\/","title":{"rendered":"Home"},"content":{"rendered":"","protected":false},"excerpt":{"rendered":"","protected":false},"author":1,"featured_media":0,"parent":0,"menu_order":0,"comment_status":"closed","ping_status":"closed","template":"templates\/home.php","meta":{"_acf_changed":false,"inline_featured_image":false,"footnotes":""},"class_list":["post-832","page","type-page","status-publish","hentry","entry"],"acf":[],"yoast_head":"<!-- This site is optimized with the Yoast SEO plugin v26.6 - https:\/\/yoast.com\/wordpress\/plugins\/seo\/ -->\n<title>id est avocats | Etude d&#039;avocats<\/title>\n<meta name=\"description\" content=\"Nous sommes sp\u00e9cialis\u00e9s en droits des technologies et des soci\u00e9t\u00e9s. Nous aidons entrepreneurs et soci\u00e9t\u00e9s \u00e0 r\u00e9soudre des questions juridiques complexes.\" \/>\n<meta name=\"robots\" content=\"index, follow, max-snippet:-1, max-image-preview:large, max-video-preview:-1\" \/>\n<link rel=\"canonical\" href=\"https:\/\/www.idest.pro\/fr\/\" \/>\n<meta property=\"og:locale\" content=\"fr_FR\" \/>\n<meta property=\"og:type\" content=\"article\" \/>\n<meta property=\"og:title\" content=\"id est avocats | Etude d&#039;avocats\" \/>\n<meta property=\"og:description\" content=\"Nous sommes sp\u00e9cialis\u00e9s en droits des technologies et des soci\u00e9t\u00e9s. Nous aidons entrepreneurs et soci\u00e9t\u00e9s \u00e0 r\u00e9soudre des questions juridiques complexes.\" \/>\n<meta property=\"og:url\" content=\"https:\/\/www.idest.pro\/fr\/\" \/>\n<meta property=\"og:site_name\" content=\"id est avocats\" \/>\n<meta property=\"article:modified_time\" content=\"2023-09-07T12:28:09+00:00\" \/>\n<meta name=\"twitter:card\" content=\"summary_large_image\" \/>\n<script type=\"application\/ld+json\" class=\"yoast-schema-graph\">{\"@context\":\"https:\/\/schema.org\",\"@graph\":[{\"@type\":\"WebPage\",\"@id\":\"https:\/\/www.idest.pro\/fr\/\",\"url\":\"https:\/\/www.idest.pro\/fr\/\",\"name\":\"id est avocats | Etude d'avocats\",\"isPartOf\":{\"@id\":\"https:\/\/www.idest.pro\/fr\/#website\"},\"datePublished\":\"2021-10-20T13:07:21+00:00\",\"dateModified\":\"2023-09-07T12:28:09+00:00\",\"description\":\"Nous sommes sp\u00e9cialis\u00e9s en droits des technologies et des soci\u00e9t\u00e9s. Nous aidons entrepreneurs et soci\u00e9t\u00e9s \u00e0 r\u00e9soudre des questions juridiques complexes.\",\"breadcrumb\":{\"@id\":\"https:\/\/www.idest.pro\/fr\/#breadcrumb\"},\"inLanguage\":\"fr-FR\",\"potentialAction\":[{\"@type\":\"ReadAction\",\"target\":[\"https:\/\/www.idest.pro\/fr\/\"]}]},{\"@type\":\"BreadcrumbList\",\"@id\":\"https:\/\/www.idest.pro\/fr\/#breadcrumb\",\"itemListElement\":[{\"@type\":\"ListItem\",\"position\":1,\"name\":\"Home\",\"item\":\"https:\/\/www.idest.pro\/fr\/\"},{\"@type\":\"ListItem\",\"position\":2,\"name\":\"Home\"}]},{\"@type\":\"WebSite\",\"@id\":\"https:\/\/www.idest.pro\/fr\/#website\",\"url\":\"https:\/\/www.idest.pro\/fr\/\",\"name\":\"id est avocats\",\"description\":\"\",\"publisher\":{\"@id\":\"https:\/\/www.idest.pro\/fr\/#organization\"},\"potentialAction\":[{\"@type\":\"SearchAction\",\"target\":{\"@type\":\"EntryPoint\",\"urlTemplate\":\"https:\/\/www.idest.pro\/fr\/?s={search_term_string}\"},\"query-input\":{\"@type\":\"PropertyValueSpecification\",\"valueRequired\":true,\"valueName\":\"search_term_string\"}}],\"inLanguage\":\"fr-FR\"},{\"@type\":\"Organization\",\"@id\":\"https:\/\/www.idest.pro\/fr\/#organization\",\"name\":\"IDEST\",\"url\":\"https:\/\/www.idest.pro\/fr\/\",\"logo\":{\"@type\":\"ImageObject\",\"inLanguage\":\"fr-FR\",\"@id\":\"https:\/\/www.idest.pro\/fr\/#\/schema\/logo\/image\/\",\"url\":\"https:\/\/www.idest.pro\/wp-content\/uploads\/2021\/07\/logo.png\",\"contentUrl\":\"https:\/\/www.idest.pro\/wp-content\/uploads\/2021\/07\/logo.png\",\"width\":1164,\"height\":343,\"caption\":\"IDEST\"},\"image\":{\"@id\":\"https:\/\/www.idest.pro\/fr\/#\/schema\/logo\/image\/\"}}]}<\/script>\n<!-- \/ Yoast SEO plugin. -->","yoast_head_json":{"title":"id est avocats | Etude d'avocats","description":"Nous sommes sp\u00e9cialis\u00e9s en droits des technologies et des soci\u00e9t\u00e9s. Nous aidons entrepreneurs et soci\u00e9t\u00e9s \u00e0 r\u00e9soudre des questions juridiques complexes.","robots":{"index":"index","follow":"follow","max-snippet":"max-snippet:-1","max-image-preview":"max-image-preview:large","max-video-preview":"max-video-preview:-1"},"canonical":"https:\/\/www.idest.pro\/fr\/","og_locale":"fr_FR","og_type":"article","og_title":"id est avocats | Etude d'avocats","og_description":"Nous sommes sp\u00e9cialis\u00e9s en droits des technologies et des soci\u00e9t\u00e9s. Nous aidons entrepreneurs et soci\u00e9t\u00e9s \u00e0 r\u00e9soudre des questions juridiques complexes.","og_url":"https:\/\/www.idest.pro\/fr\/","og_site_name":"id est avocats","article_modified_time":"2023-09-07T12:28:09+00:00","twitter_card":"summary_large_image","schema":{"@context":"https:\/\/schema.org","@graph":[{"@type":"WebPage","@id":"https:\/\/www.idest.pro\/fr\/","url":"https:\/\/www.idest.pro\/fr\/","name":"id est avocats | Etude d'avocats","isPartOf":{"@id":"https:\/\/www.idest.pro\/fr\/#website"},"datePublished":"2021-10-20T13:07:21+00:00","dateModified":"2023-09-07T12:28:09+00:00","description":"Nous sommes sp\u00e9cialis\u00e9s en droits des technologies et des soci\u00e9t\u00e9s. Nous aidons entrepreneurs et soci\u00e9t\u00e9s \u00e0 r\u00e9soudre des questions juridiques complexes.","breadcrumb":{"@id":"https:\/\/www.idest.pro\/fr\/#breadcrumb"},"inLanguage":"fr-FR","potentialAction":[{"@type":"ReadAction","target":["https:\/\/www.idest.pro\/fr\/"]}]},{"@type":"BreadcrumbList","@id":"https:\/\/www.idest.pro\/fr\/#breadcrumb","itemListElement":[{"@type":"ListItem","position":1,"name":"Home","item":"https:\/\/www.idest.pro\/fr\/"},{"@type":"ListItem","position":2,"name":"Home"}]},{"@type":"WebSite","@id":"https:\/\/www.idest.pro\/fr\/#website","url":"https:\/\/www.idest.pro\/fr\/","name":"id est avocats","description":"","publisher":{"@id":"https:\/\/www.idest.pro\/fr\/#organization"},"potentialAction":[{"@type":"SearchAction","target":{"@type":"EntryPoint","urlTemplate":"https:\/\/www.idest.pro\/fr\/?s={search_term_string}"},"query-input":{"@type":"PropertyValueSpecification","valueRequired":true,"valueName":"search_term_string"}}],"inLanguage":"fr-FR"},{"@type":"Organization","@id":"https:\/\/www.idest.pro\/fr\/#organization","name":"IDEST","url":"https:\/\/www.idest.pro\/fr\/","logo":{"@type":"ImageObject","inLanguage":"fr-FR","@id":"https:\/\/www.idest.pro\/fr\/#\/schema\/logo\/image\/","url":"https:\/\/www.idest.pro\/wp-content\/uploads\/2021\/07\/logo.png","contentUrl":"https:\/\/www.idest.pro\/wp-content\/uploads\/2021\/07\/logo.png","width":1164,"height":343,"caption":"IDEST"},"image":{"@id":"https:\/\/www.idest.pro\/fr\/#\/schema\/logo\/image\/"}}]}},"_links":{"self":[{"href":"https:\/\/www.idest.pro\/fr\/wp-json\/wp\/v2\/pages\/832","targetHints":{"allow":["GET"]}}],"collection":[{"href":"https:\/\/www.idest.pro\/fr\/wp-json\/wp\/v2\/pages"}],"about":[{"href":"https:\/\/www.idest.pro\/fr\/wp-json\/wp\/v2\/types\/page"}],"author":[{"embeddable":true,"href":"https:\/\/www.idest.pro\/fr\/wp-json\/wp\/v2\/users\/1"}],"replies":[{"embeddable":true,"href":"https:\/\/www.idest.pro\/fr\/wp-json\/wp\/v2\/comments?post=832"}],"version-history":[{"count":32,"href":"https:\/\/www.idest.pro\/fr\/wp-json\/wp\/v2\/pages\/832\/revisions"}],"predecessor-version":[{"id":2160,"href":"https:\/\/www.idest.pro\/fr\/wp-json\/wp\/v2\/pages\/832\/revisions\/2160"}],"wp:attachment":[{"href":"https:\/\/www.idest.pro\/fr\/wp-json\/wp\/v2\/media?parent=832"}],"curies":[{"name":"wp","href":"https:\/\/api.w.org\/{rel}","templated":true}]}}